{"id":3398,"date":"2021-07-19T13:25:41","date_gmt":"2021-07-19T13:25:41","guid":{"rendered":"http:\/\/patricks.ee\/?page_id=3398"},"modified":"2025-07-24T12:49:02","modified_gmt":"2025-07-24T12:49:02","slug":"reserveeri-laud","status":"publish","type":"page","link":"https:\/\/patricks.ee\/en\/reserveeri-laud\/","title":{"rendered":"Reserveeri"},"content":{"rendered":"<div id=\"pl-3398\"  class=\"panel-layout\" ><div id=\"pg-3398-0\"  class=\"panel-grid panel-no-style\" ><div id=\"pgc-3398-0-0\"  class=\"panel-grid-cell panel-grid-cell-empty\" ><\/div><div id=\"pgc-3398-0-1\"  class=\"panel-grid-cell panel-grid-cell-mobile-last\" ><div id=\"panel-3398-0-1-0\" class=\"so-panel widget widget_heading panel-first-child\" data-index=\"0\" ><div class=\"thim-widget-heading thim-widget-heading-base\"><div class=\"thim-heading text-center\"><div class=\"sc-heading article_heading \" style=\";\"><h3 class=\"heading__primary wrapper-line-heading\">Palun reserveeri siit<\/h3><span class=\"line-heading\"  style=\"border-color: \"><\/span><\/div><p class=\"heading__secondary\"   >N\u00e4dalavahetusel ja riiklikel p\u00fchadel palume kiireloomuliste reserveeringute puhul p\u00f6\u00f6rduda otse St. Patrick\u00b4si teenindava personali poole. Telefoninumbrid leiad lehe \u00fclalt servast kontakti lingi alt.<\/p><\/div><\/div><\/div><div id=\"panel-3398-0-1-1\" class=\"so-panel widget widget_text panel-last-child\" data-index=\"1\" >\t\t\t<div class=\"textwidget\"><p><strong>NB! Terrassile ei ole v\u00f5imalik laudu reserveerida. \u00dcle 10 inimese broneeringute puhul palun v\u00f5tke \u00fchendust: booking@patricks.ee<\/strong><\/p>\n\n<div class=\"wpcf7 no-js\" id=\"wpcf7-f3636-o1\" lang=\"et\" dir=\"ltr\">\n<div class=\"screen-reader-response\"><p role=\"status\" aria-live=\"polite\" aria-atomic=\"true\"><\/p> <ul><\/ul><\/div>\n<form action=\"\/en\/wp-json\/wp\/v2\/pages\/3398#wpcf7-f3636-o1\" method=\"post\" class=\"wpcf7-form init\" aria-label=\"Contact form\" novalidate=\"novalidate\" data-status=\"init\">\n<div style=\"display: none;\">\n<input type=\"hidden\" name=\"_wpcf7\" value=\"3636\" \/>\n<input type=\"hidden\" name=\"_wpcf7_version\" value=\"5.9.5\" \/>\n<input type=\"hidden\" name=\"_wpcf7_locale\" value=\"et\" \/>\n<input type=\"hidden\" name=\"_wpcf7_unit_tag\" value=\"wpcf7-f3636-o1\" \/>\n<input type=\"hidden\" name=\"_wpcf7_container_post\" value=\"0\" \/>\n<input type=\"hidden\" name=\"_wpcf7_posted_data_hash\" value=\"\" \/>\n<input type=\"hidden\" name=\"_wpcf7_recaptcha_response\" value=\"\" \/>\n<\/div>\n<div class=\"thim-widget-otreservations\">\n\t<div class=\"thim-booktable\">\n\t\t<div class=\"booktable-wrapper row\">\n\t\t\t<div class=\"col-sm-6\">\n\t\t\t\t<p><label class=\"gfield_label\" for=\"input_1_1\">Millises St. Patricks'is? \/ Which St. Patrick's?<span class=\"gfield_required\">*<\/span><\/label><br \/>\n<span class=\"wpcf7-form-control-wrap\" data-name=\"place\"><select class=\"wpcf7-form-control wpcf7-select\" aria-invalid=\"false\" name=\"place\"><option value=\"St. Patrick\u2019s, Narva mnt 5, Tallinn (Foorum)\">St. Patrick\u2019s, Narva mnt 5, Tallinn (Foorum)<\/option><option value=\"St. Patrick\u2019s, Supluse pst 1, Tallinn\">St. Patrick\u2019s, Supluse pst 1, Tallinn<\/option><\/select><\/span>\n\t\t\t\t<\/p>\n\t\t\t<\/div>\n\t\t\t<div class=\"col-sm-6\">\n\t\t\t\t<p><label class=\"gfield_label\" for=\"input_1_2\">Sinu nimi \/ Your name<span class=\"gfield_required\">*<\/span><\/label><br \/>\n<span class=\"wpcf7-form-control-wrap\" data-name=\"first-name\"><input size=\"40\" class=\"wpcf7-form-control wpcf7-text wpcf7-validates-as-required\" aria-required=\"true\" aria-invalid=\"false\" value=\"\" type=\"text\" name=\"first-name\" \/><\/span>\n\t\t\t\t<\/p>\n\t\t\t<\/div>\n\t\t<\/div>\n\t\t<div class=\"booktable-wrapper row\">\n\t\t\t<div class=\"col-sm-6\">\n\t\t\t\t<p><label class=\"gfield_label\" for=\"input_1_3\">Mitu istekohta? \/ How many seats?<span class=\"gfield_required\">*<\/span><\/label><br \/>\n<span class=\"wpcf7-form-control-wrap\" data-name=\"seats\"><input class=\"wpcf7-form-control wpcf7-number wpcf7-validates-as-required wpcf7-validates-as-number\" max=\"10\" aria-required=\"true\" aria-invalid=\"false\" value=\"\" type=\"number\" name=\"seats\" \/><\/span>\n\t\t\t\t<\/p>\n\t\t\t<\/div>\n\t\t\t<div class=\"col-sm-6\">\n\t\t\t\t<p><label class=\"gfield_label\" for=\"input_1_4\">Sinu telefon \/ Your phone<\/label><br \/>\n<span class=\"wpcf7-form-control-wrap\" data-name=\"tel\"><input size=\"40\" class=\"wpcf7-form-control wpcf7-tel wpcf7-validates-as-required wpcf7-text wpcf7-validates-as-tel\" aria-required=\"true\" aria-invalid=\"false\" value=\"\" type=\"tel\" name=\"tel\" \/><\/span>\n\t\t\t\t<\/p>\n\t\t\t<\/div>\n\t\t<\/div>\n\t\t<div class=\"booktable-wrapper row\">\n\t\t\t<div class=\"col-sm-6\">\n\t\t\t\t<p><label class=\"gfield_label\" for=\"input_1_6\">E-mail<span class=\"gfield_required\">*<\/span><\/label><br \/>\n<span class=\"wpcf7-form-control-wrap\" data-name=\"your-email\"><input size=\"40\" class=\"wpcf7-form-control wpcf7-email wpcf7-validates-as-required wpcf7-text wpcf7-validates-as-email\" aria-required=\"true\" aria-invalid=\"false\" value=\"\" type=\"email\" name=\"your-email\" \/><\/span>\n\t\t\t\t<\/p>\n\t\t\t<\/div>\n\t\t\t<div class=\"col-sm-6\">\n\t\t\t<\/div>\n\t\t<\/div>\n\t\t<div class=\"booktable-wrapper row\">\n\t\t\t<div class=\"col-sm-6\">\n\t\t\t\t<p><label class=\"gfield_label\" for=\"input_1_6\">Kuup\u00e4ev \/ Date*<span class=\"gfield_required\">*<\/span><\/label><br \/>\n<span class=\"wpcf7-form-control-wrap\" data-name=\"date\"><input class=\"wpcf7-form-control wpcf7-date wpcf7-validates-as-required wpcf7-validates-as-date\" min=\"2026-04-11\" aria-required=\"true\" aria-invalid=\"false\" value=\"\" type=\"date\" name=\"date\" \/><\/span>\n\t\t\t\t<\/p>\n\t\t\t<\/div>\n\t\t\t<div class=\"col-sm-6 time-fields\">\n\t\t\t\t<p><label class=\"gfield_label\" for=\"input_1_6\">Kellaaeg \/ Time*<span class=\"gfield_required\">*<\/span><\/label><br \/>\n<span class=\"wpcf7-form-control-wrap\" data-name=\"r-hour\"><input size=\"40\" maxlength=\"2\" class=\"wpcf7-form-control wpcf7-text wpcf7-validates-as-required\" aria-required=\"true\" aria-invalid=\"false\" placeholder=\"h\" value=\"\" type=\"text\" name=\"r-hour\" \/><\/span><br \/>\n<span class=\"wpcf7-form-control-wrap\" data-name=\"r-minute\"><input size=\"40\" maxlength=\"2\" class=\"wpcf7-form-control wpcf7-text wpcf7-validates-as-required\" aria-required=\"true\" aria-invalid=\"false\" placeholder=\"min\" value=\"\" type=\"text\" name=\"r-minute\" \/><\/span>\n\t\t\t\t<\/p>\n\t\t\t<\/div>\n\t\t<\/div>\n\t\t<div class=\"booktable-wrapper row\">\n\t\t\t<div class=\"col-sm-12\">\n\t\t\t\t<p><label class=\"gfield_label\" for=\"input_1_6\">Erisoovid (Terrassile ei ole v\u00f5imalik reserveerida) \/ Specials requests (No booking on the terrace)<\/label><br \/>\n<span class=\"wpcf7-form-control-wrap\" data-name=\"comment\"><textarea cols=\"40\" rows=\"10\" class=\"wpcf7-form-control wpcf7-textarea\" aria-invalid=\"false\" name=\"comment\"><\/textarea><\/span>\n\t\t\t\t<\/p>\n\t\t\t<\/div>\n\t\t\t<div class=\"col-sm-12\">\n\t\t\t\t<div class=\"form-description\">\n\t\t\t\t\t<p>Reserveeringu tegemisel n\u00f5ustute meie <a href=\"\/privaatsustingimused\">Privaatsustingimustega<\/a>\n\t\t\t\t\t<\/p>\n\t\t\t\t\t<p>NB! N\u00e4dalavahetusel tehtud reserveering v\u00f5etakse t\u00f6\u00f6sse esmasp\u00e4eval. Kiire reserveeringu korral helista palun Sulle sobivasse St. Patrick\u2019sisse.\n\t\t\t\t\t<\/p>\n\t\t\t\t<\/div>\n\t\t\t<\/div>\n\t\t\t<div class=\"col-sm-12\">\n\t\t\t\t<p><input class=\"wpcf7-form-control wpcf7-submit has-spinner\" type=\"submit\" value=\"Reserveeri\" \/>\n\t\t\t\t<\/p>\n\t\t\t<\/div>\n\t\t<\/div>\n\t<\/div>\n<\/div><div class=\"wpcf7-response-output\" aria-hidden=\"true\"><\/div>\n<\/form>\n<\/div>\n\n<\/div>\n\t\t<\/div><\/div><div id=\"pgc-3398-0-2\"  class=\"panel-grid-cell panel-grid-cell-empty\" ><\/div><\/div><div id=\"pg-3398-1\"  class=\"panel-grid panel-no-style\" ><div id=\"pgc-3398-1-0\"  class=\"panel-grid-cell\" ><div id=\"panel-3398-1-0-0\" class=\"so-panel widget widget_sow-editor panel-first-child panel-last-child\" data-index=\"2\" ><div class=\"panel-widget-style panel-widget-style-for-3398-1-0-0\" ><div\n\t\t\t\n\t\t\tclass=\"so-widget-sow-editor so-widget-sow-editor-base\"\n\t\t\t\n\t\t>\n<div class=\"siteorigin-widget-tinymce textwidget\">\n\t<p style=\"text-align: left;\">NB! Lauad hoitakse reserveerituna 15 min alates reserveeringu algusest. Peale seda vabastatakse laud teistele k\u00fclalistele.<\/p>\n<\/div>\n<\/div><\/div><\/div><\/div><\/div><\/div>","protected":false},"excerpt":{"rendered":"<p>NB! Terrassile ei ole v\u00f5imalik laudu reserveerida. \u00dcle 10 inimese broneeringute puhul palun v\u00f5tke \u00fchendust: booking@patricks.ee NB! Lauad hoitakse reserveerituna 15 min alates reserveeringu algusest. Peale seda vabastatakse laud teistele k\u00fclalistele.<\/p>\n","protected":false},"author":1,"featured_media":0,"parent":0,"menu_order":0,"comment_status":"closed","ping_status":"closed","template":"","meta":{"footnotes":""},"_links":{"self":[{"href":"https:\/\/patricks.ee\/en\/wp-json\/wp\/v2\/pages\/3398"}],"collection":[{"href":"https:\/\/patricks.ee\/en\/wp-json\/wp\/v2\/pages"}],"about":[{"href":"https:\/\/patricks.ee\/en\/wp-json\/wp\/v2\/types\/page"}],"author":[{"embeddable":true,"href":"https:\/\/patricks.ee\/en\/wp-json\/wp\/v2\/users\/1"}],"replies":[{"embeddable":true,"href":"https:\/\/patricks.ee\/en\/wp-json\/wp\/v2\/comments?post=3398"}],"version-history":[{"count":19,"href":"https:\/\/patricks.ee\/en\/wp-json\/wp\/v2\/pages\/3398\/revisions"}],"predecessor-version":[{"id":4515,"href":"https:\/\/patricks.ee\/en\/wp-json\/wp\/v2\/pages\/3398\/revisions\/4515"}],"wp:attachment":[{"href":"https:\/\/patricks.ee\/en\/wp-json\/wp\/v2\/media?parent=3398"}],"curies":[{"name":"wp","href":"https:\/\/api.w.org\/{rel}","templated":true}]}}